{"id":15010,"date":"2025-04-14T16:36:34","date_gmt":"2025-04-14T14:36:34","guid":{"rendered":"https:\/\/hellosrl.com\/conzulenza-gratuita\/"},"modified":"2025-04-14T16:36:34","modified_gmt":"2025-04-14T14:36:34","slug":"conzulenza-gratuita","status":"publish","type":"page","link":"https:\/\/hellosrl.com\/en\/conzulenza-gratuita\/","title":{"rendered":"Conzulenza gratuita"},"content":{"rendered":"<p>[et_pb_section fb_built=&#8221;1&#8243; _builder_version=&#8221;4.19.5&#8243; _module_preset=&#8221;default&#8221; global_colors_info=&#8221;{}&#8221; locked=&#8221;off&#8221; theme_builder_area=&#8221;post_content&#8221;][et_pb_row _builder_version=&#8221;4.19.5&#8243; _module_preset=&#8221;default&#8221; custom_padding=&#8221;||||false|false&#8221; border_color_top=&#8221;RGBA(0,0,0,0.18)&#8221; border_color_bottom=&#8221;RGBA(0,0,0,0.18)&#8221; global_colors_info=&#8221;{}&#8221; theme_builder_area=&#8221;post_content&#8221;][et_pb_column type=&#8221;4_4&#8243; _builder_version=&#8221;4.19.5&#8243; _module_preset=&#8221;default&#8221; custom_padding=&#8221;||||false|false&#8221; global_colors_info=&#8221;{}&#8221; theme_builder_area=&#8221;post_content&#8221;][et_pb_text _builder_version=&#8221;4.20.4&#8243; _module_preset=&#8221;default&#8221; text_font=&#8221;|||on|||||&#8221; text_font_size=&#8221;13px&#8221; text_letter_spacing=&#8221;3px&#8221; custom_margin=&#8221;||0px||false|false&#8221; text_font_size_tablet=&#8221;14px&#8221; text_font_size_phone=&#8221;13px&#8221; text_font_size_last_edited=&#8221;on|phone&#8221; text_letter_spacing_tablet=&#8221;2px&#8221; text_letter_spacing_phone=&#8221;2px&#8221; text_letter_spacing_last_edited=&#8221;on|tablet&#8221; global_colors_info=&#8221;{}&#8221; theme_builder_area=&#8221;post_content&#8221;]<\/p>\n<p>Scegli #Hello senza pensieri<\/p>\n<p>[\/et_pb_text][et_pb_post_title meta=&#8221;off&#8221; featured_image=&#8221;off&#8221; _builder_version=&#8221;4.20.4&#8243; _module_preset=&#8221;default&#8221; title_font=&#8221;|700|||||||&#8221; title_text_color=&#8221;gcid-1e97d133-60c9-4c7c-a0cb-e6f6042389ea&#8221; title_font_size=&#8221;70px&#8221; title_font_size_tablet=&#8221;60px&#8221; title_font_size_phone=&#8221;45px&#8221; title_font_size_last_edited=&#8221;on|phone&#8221; global_colors_info=&#8221;{%22gcid-1e97d133-60c9-4c7c-a0cb-e6f6042389ea%22:%91%22title_text_color%22%93}&#8221; theme_builder_area=&#8221;post_content&#8221;][\/et_pb_post_title][\/et_pb_column][\/et_pb_row][et_pb_row column_structure=&#8221;1_2,1_2&#8243; _builder_version=&#8221;4.23.4&#8243; _module_preset=&#8221;default&#8221; custom_margin=&#8221;40px||||false|false&#8221; global_colors_info=&#8221;{}&#8221; theme_builder_area=&#8221;post_content&#8221;][et_pb_column type=&#8221;1_2&#8243; _builder_version=&#8221;4.23.4&#8243; _module_preset=&#8221;default&#8221; global_colors_info=&#8221;{}&#8221; theme_builder_area=&#8221;post_content&#8221;][et_pb_text _builder_version=&#8221;4.23.4&#8243; _module_preset=&#8221;default&#8221; text_text_color=&#8221;#000000&#8243; text_line_height=&#8221;1.6em&#8221; global_colors_info=&#8221;{}&#8221; theme_builder_area=&#8221;post_content&#8221;]<\/p>\n<p>Partecipa al nostro incontro virtuale con Silvia per una consulenza personalizzata tramite Google Meet. Questo incontro \u00e8 pensato per i proprietari interessati a esplorare i servizi di gestione degli affitti brevi. Silvia ti spiegher\u00e0 come possiamo aiutarti a massimizzare i tuoi guadagni da affitto, semplificare la gestione della propriet\u00e0 e garantire un&#8217;esperienza eccezionale agli ospiti.<\/p>\n<p><strong>Cosa Aspettarsi:<\/strong><\/p>\n<p>Una panoramica dei nostri servizi di gestione degli affitti brevi<\/p>\n<p>Consigli personalizzati adattati alla tua propriet\u00e0<\/p>\n<p>Risposte a tutte le domande che potresti avere sul mercato degli affitti e sul nostro processo di gestione<\/p>\n<p>Una discussione dettagliata su come gestiamo le prenotazioni, la comunicazione con gli ospiti, la manutenzione della propriet\u00e0 e altro ancora<\/p>\n<p><strong>Come Partecipare:<\/strong><\/p>\n<p>L&#8217;incontro si terr\u00e0 tramite Google Meet. Riceverai un link di Google Meet al momento della conferma dell&#8217;appuntamento.<\/p>\n<p>Assicurati di avere una connessione internet stabile e un dispositivo con fotocamera e microfono.<\/p>\n<p>Non vediamo l&#8217;ora di aiutarti a raggiungere il successo con la tua propriet\u00e0 per affitti brevi. Prenota oggi il tuo incontro con Silvia!<\/p>\n<p>[\/et_pb_text][\/et_pb_column][et_pb_column type=&#8221;1_2&#8243; _builder_version=&#8221;4.23.4&#8243; _module_preset=&#8221;default&#8221; global_colors_info=&#8221;{}&#8221; theme_builder_area=&#8221;post_content&#8221;][et_pb_code _builder_version=&#8221;4.23.4&#8243; _module_preset=&#8221;default&#8221; global_colors_info=&#8221;{}&#8221; theme_builder_area=&#8221;post_content&#8221;]<!-- Google Calendar Appointment Scheduling begin --> <!-- [et_pb_line_break_holder] --><iframe loading=\"lazy\" src=\"https:\/\/calendar.google.com\/calendar\/u\/0\/appointments\/schedules\/AcZssZ2C1MtrjyTibXtZdttHd6BLBD33HtPzYDdqiFkk5SNH-mdvGeCtmwR0V8lazF5UgGq864JCGaTA?gv=true\" style=\"border: 0\" width=\"100%\" height=\"600\" frameborder=\"0\"><\/iframe> <!-- [et_pb_line_break_holder] --><!-- end Google Calendar Appointment Scheduling -->[\/et_pb_code][\/et_pb_column][\/et_pb_row][\/et_pb_section]<\/p>\n","protected":false},"excerpt":{"rendered":"<p>Scegli #Hello senza pensieriPartecipa al nostro incontro virtuale con Silvia per una consulenza personalizzata tramite Google Meet. Questo incontro \u00e8 pensato per i proprietari interessati a esplorare i servizi di gestione degli affitti brevi. Silvia ti spiegher\u00e0 come possiamo aiutarti a massimizzare i tuoi guadagni da affitto, semplificare la gestione della propriet\u00e0 e garantire un&#8217;esperienza [&hellip;]<\/p>\n","protected":false},"author":2,"featured_media":0,"parent":0,"menu_order":0,"comment_status":"closed","ping_status":"closed","template":"","meta":{"_et_pb_use_builder":"on","_et_pb_old_content":"","_et_gb_content_width":"","ngg_post_thumbnail":0},"yoast_head":"<!-- This site is optimized with the Yoast SEO plugin v20.5 - https:\/\/yoast.com\/wordpress\/plugins\/seo\/ -->\n<title>Conzulenza gratuita - Hello<\/title>\n<meta name=\"robots\" content=\"index, follow, max-snippet:-1, max-image-preview:large, max-video-preview:-1\" \/>\n<link rel=\"canonical\" href=\"https:\/\/hellosrl.com\/en\/conzulenza-gratuita\/\" \/>\n<meta property=\"og:locale\" content=\"en_US\" \/>\n<meta property=\"og:type\" content=\"article\" \/>\n<meta property=\"og:title\" content=\"Conzulenza gratuita - Hello\" \/>\n<meta property=\"og:description\" content=\"Scegli #Hello senza pensieriPartecipa al nostro incontro virtuale con Silvia per una consulenza personalizzata tramite Google Meet. Questo incontro \u00e8 pensato per i proprietari interessati a esplorare i servizi di gestione degli affitti brevi. Silvia ti spiegher\u00e0 come possiamo aiutarti a massimizzare i tuoi guadagni da affitto, semplificare la gestione della propriet\u00e0 e garantire un&#039;esperienza [&hellip;]\" \/>\n<meta property=\"og:url\" content=\"https:\/\/hellosrl.com\/en\/conzulenza-gratuita\/\" \/>\n<meta property=\"og:site_name\" content=\"Hello\" \/>\n<meta name=\"twitter:card\" content=\"summary_large_image\" \/>\n<meta name=\"twitter:label1\" content=\"Est. reading time\" \/>\n\t<meta name=\"twitter:data1\" content=\"3 minutes\" \/>\n<script type=\"application\/ld+json\" class=\"yoast-schema-graph\">{\"@context\":\"https:\/\/schema.org\",\"@graph\":[{\"@type\":\"WebPage\",\"@id\":\"https:\/\/hellosrl.com\/en\/conzulenza-gratuita\/\",\"url\":\"https:\/\/hellosrl.com\/en\/conzulenza-gratuita\/\",\"name\":\"Conzulenza gratuita - Hello\",\"isPartOf\":{\"@id\":\"https:\/\/hellosrl.com\/#website\"},\"datePublished\":\"2025-04-14T14:36:34+00:00\",\"dateModified\":\"2025-04-14T14:36:34+00:00\",\"breadcrumb\":{\"@id\":\"https:\/\/hellosrl.com\/en\/conzulenza-gratuita\/#breadcrumb\"},\"inLanguage\":\"en-US\",\"potentialAction\":[{\"@type\":\"ReadAction\",\"target\":[\"https:\/\/hellosrl.com\/en\/conzulenza-gratuita\/\"]}]},{\"@type\":\"BreadcrumbList\",\"@id\":\"https:\/\/hellosrl.com\/en\/conzulenza-gratuita\/#breadcrumb\",\"itemListElement\":[{\"@type\":\"ListItem\",\"position\":1,\"name\":\"Home\",\"item\":\"https:\/\/hellosrl.com\/en\/\"},{\"@type\":\"ListItem\",\"position\":2,\"name\":\"Conzulenza gratuita\"}]},{\"@type\":\"WebSite\",\"@id\":\"https:\/\/hellosrl.com\/#website\",\"url\":\"https:\/\/hellosrl.com\/\",\"name\":\"Hello\",\"description\":\"Metti a reddito il tuo immobile\",\"potentialAction\":[{\"@type\":\"SearchAction\",\"target\":{\"@type\":\"EntryPoint\",\"urlTemplate\":\"https:\/\/hellosrl.com\/?s={search_term_string}\"},\"query-input\":\"required name=search_term_string\"}],\"inLanguage\":\"en-US\"}]}<\/script>\n<!-- \/ Yoast SEO plugin. -->","yoast_head_json":{"title":"Conzulenza gratuita - Hello","robots":{"index":"index","follow":"follow","max-snippet":"max-snippet:-1","max-image-preview":"max-image-preview:large","max-video-preview":"max-video-preview:-1"},"canonical":"https:\/\/hellosrl.com\/en\/conzulenza-gratuita\/","og_locale":"en_US","og_type":"article","og_title":"Conzulenza gratuita - Hello","og_description":"Scegli #Hello senza pensieriPartecipa al nostro incontro virtuale con Silvia per una consulenza personalizzata tramite Google Meet. Questo incontro \u00e8 pensato per i proprietari interessati a esplorare i servizi di gestione degli affitti brevi. Silvia ti spiegher\u00e0 come possiamo aiutarti a massimizzare i tuoi guadagni da affitto, semplificare la gestione della propriet\u00e0 e garantire un'esperienza [&hellip;]","og_url":"https:\/\/hellosrl.com\/en\/conzulenza-gratuita\/","og_site_name":"Hello","twitter_card":"summary_large_image","twitter_misc":{"Est. reading time":"3 minutes"},"schema":{"@context":"https:\/\/schema.org","@graph":[{"@type":"WebPage","@id":"https:\/\/hellosrl.com\/en\/conzulenza-gratuita\/","url":"https:\/\/hellosrl.com\/en\/conzulenza-gratuita\/","name":"Conzulenza gratuita - Hello","isPartOf":{"@id":"https:\/\/hellosrl.com\/#website"},"datePublished":"2025-04-14T14:36:34+00:00","dateModified":"2025-04-14T14:36:34+00:00","breadcrumb":{"@id":"https:\/\/hellosrl.com\/en\/conzulenza-gratuita\/#breadcrumb"},"inLanguage":"en-US","potentialAction":[{"@type":"ReadAction","target":["https:\/\/hellosrl.com\/en\/conzulenza-gratuita\/"]}]},{"@type":"BreadcrumbList","@id":"https:\/\/hellosrl.com\/en\/conzulenza-gratuita\/#breadcrumb","itemListElement":[{"@type":"ListItem","position":1,"name":"Home","item":"https:\/\/hellosrl.com\/en\/"},{"@type":"ListItem","position":2,"name":"Conzulenza gratuita"}]},{"@type":"WebSite","@id":"https:\/\/hellosrl.com\/#website","url":"https:\/\/hellosrl.com\/","name":"Hello","description":"Metti a reddito il tuo immobile","potentialAction":[{"@type":"SearchAction","target":{"@type":"EntryPoint","urlTemplate":"https:\/\/hellosrl.com\/?s={search_term_string}"},"query-input":"required name=search_term_string"}],"inLanguage":"en-US"}]}},"_links":{"self":[{"href":"https:\/\/hellosrl.com\/en\/wp-json\/wp\/v2\/pages\/15010"}],"collection":[{"href":"https:\/\/hellosrl.com\/en\/wp-json\/wp\/v2\/pages"}],"about":[{"href":"https:\/\/hellosrl.com\/en\/wp-json\/wp\/v2\/types\/page"}],"author":[{"embeddable":true,"href":"https:\/\/hellosrl.com\/en\/wp-json\/wp\/v2\/users\/2"}],"replies":[{"embeddable":true,"href":"https:\/\/hellosrl.com\/en\/wp-json\/wp\/v2\/comments?post=15010"}],"version-history":[{"count":0,"href":"https:\/\/hellosrl.com\/en\/wp-json\/wp\/v2\/pages\/15010\/revisions"}],"wp:attachment":[{"href":"https:\/\/hellosrl.com\/en\/wp-json\/wp\/v2\/media?parent=15010"}],"curies":[{"name":"wp","href":"https:\/\/api.w.org\/{rel}","templated":true}]}}